{"id":2,"date":"2025-11-19T02:21:40","date_gmt":"2025-11-19T02:21:40","guid":{"rendered":"http:\/\/jardindepetitegrenade.com\/?page_id=2"},"modified":"2025-11-23T21:38:27","modified_gmt":"2025-11-23T21:38:27","slug":"sample-page","status":"publish","type":"page","link":"https:\/\/jardindepetitegrenade.com\/?page_id=2","title":{"rendered":"A propos"},"content":{"rendered":"\n<p class=\"has-text-color has-link-color has-regular-font-size wp-elements-03709e5a972458f20ca9480faa793dd3\" style=\"color:#01533a\"><strong>Bienvenue<\/strong> \u00e0 l\u2019Exploitation Agricole Claude MOQUET-TORCY \u2013 Petite Grenade<\/p>\n\n\n\n<p>Depuis plusieurs g\u00e9n\u00e9rations, nous cultivons avec amour et passion des fruits tropicaux, dans le respect de la nature et de la qualit\u00e9, gr\u00e2ce \u00e0 <strong>notre<\/strong> <strong>certification Agriculture Biologique Ecocert<\/strong>.<\/p>\n\n\n\n<p><strong>Ici, chaque fruit raconte une histoire :<\/strong> celle de notre terre, de notre savoir-faire et du soleil de Martinique. Nous vous proposons une grande vari\u00e9t\u00e9 de d\u00e9lices tropicaux<\/p>\n\n\n\n<p><strong>Venez partager un moment convivial dans notre atelier<\/strong> et d\u00e9gustez nos jus de fruits frais, pr\u00e9par\u00e9s sur place avec nos produits. Nos fruits et jus sont \u00e9galement disponibles dans tous les magasins La Vie Claire de Martinique, et nous proposons la vente directe aux particuliers sur notre site.<\/p>\n\n\n\n<p><strong>Notre mission est simple :<\/strong> vous offrir des produits savoureux et sains, tout en vous transmettant la chaleur et la g\u00e9n\u00e9rosit\u00e9 de notre terroir martiniquais<\/p>\n\n\n\n<div class=\"wp-block-columns is-layout-flex wp-container-core-columns-is-layout-28f84493 wp-block-columns-is-layout-flex\">\n<div class=\"wp-block-column is-layout-flow wp-block-column-is-layout-flow\" style=\"flex-basis:100%\">\n<figure class=\"wp-block-gallery has-nested-images columns-default is-cropped wp-block-gallery-1 is-layout-flex wp-block-gallery-is-layout-flex\"><\/figure>\n<\/div>\n<\/div>\n\n\n\n<figure class=\"wp-block-image size-large is-resized\"><img loading=\"lazy\" decoding=\"async\" width=\"1024\" height=\"576\" src=\"https:\/\/jardindepetitegrenade.com\/wp-content\/uploads\/2025\/11\/flyer-a-propos-1024x576.jpg\" alt=\"\" class=\"wp-image-359\" style=\"width:1200px;height:auto\" srcset=\"https:\/\/jardindepetitegrenade.com\/wp-content\/uploads\/2025\/11\/flyer-a-propos-1024x576.jpg 1024w, https:\/\/jardindepetitegrenade.com\/wp-content\/uploads\/2025\/11\/flyer-a-propos-300x169.jpg 300w, https:\/\/jardindepetitegrenade.com\/wp-content\/uploads\/2025\/11\/flyer-a-propos-768x432.jpg 768w, https:\/\/jardindepetitegrenade.com\/wp-content\/uploads\/2025\/11\/flyer-a-propos-1536x864.jpg 1536w, https:\/\/jardindepetitegrenade.com\/wp-content\/uploads\/2025\/11\/flyer-a-propos-600x338.jpg 600w, https:\/\/jardindepetitegrenade.com\/wp-content\/uploads\/2025\/11\/flyer-a-propos.jpg 1920w\" sizes=\"auto, (max-width: 1024px) 100vw, 1024px\" \/><\/figure>\n","protected":false},"excerpt":{"rendered":"<p>Bienvenue \u00e0 l\u2019Exploitation Agricole Claude MOQUET-TORCY \u2013 Petite Grenade Depuis plusieurs g\u00e9n\u00e9rations, nous cultivons avec amour et passion des fruits tropicaux, dans le respect de la nature et de la qualit\u00e9, gr\u00e2ce \u00e0 notre certification Agriculture Biologique Ecocert. Ici, chaque fruit raconte une histoire : celle de notre terre, de notre savoir-faire et du soleil [&hellip;]<\/p>\n","protected":false},"author":1,"featured_media":0,"parent":0,"menu_order":0,"comment_status":"closed","ping_status":"open","template":"","meta":{"footnotes":""},"class_list":["post-2","page","type-page","status-publish","hentry"],"jetpack_sharing_enabled":true,"_links":{"self":[{"href":"https:\/\/jardindepetitegrenade.com\/index.php?rest_route=\/wp\/v2\/pages\/2","targetHints":{"allow":["GET"]}}],"collection":[{"href":"https:\/\/jardindepetitegrenade.com\/index.php?rest_route=\/wp\/v2\/pages"}],"about":[{"href":"https:\/\/jardindepetitegrenade.com\/index.php?rest_route=\/wp\/v2\/types\/page"}],"author":[{"embeddable":true,"href":"https:\/\/jardindepetitegrenade.com\/index.php?rest_route=\/wp\/v2\/users\/1"}],"replies":[{"embeddable":true,"href":"https:\/\/jardindepetitegrenade.com\/index.php?rest_route=%2Fwp%2Fv2%2Fcomments&post=2"}],"version-history":[{"count":10,"href":"https:\/\/jardindepetitegrenade.com\/index.php?rest_route=\/wp\/v2\/pages\/2\/revisions"}],"predecessor-version":[{"id":363,"href":"https:\/\/jardindepetitegrenade.com\/index.php?rest_route=\/wp\/v2\/pages\/2\/revisions\/363"}],"wp:attachment":[{"href":"https:\/\/jardindepetitegrenade.com\/index.php?rest_route=%2Fwp%2Fv2%2Fmedia&parent=2"}],"curies":[{"name":"wp","href":"https:\/\/api.w.org\/{rel}","templated":true}]}}